{"id":2866,"date":"2025-02-01T14:31:34","date_gmt":"2025-02-01T19:31:34","guid":{"rendered":"https:\/\/divebasecoiba.com\/?page_id=2866"},"modified":"2025-11-07T13:37:53","modified_gmt":"2025-11-07T18:37:53","slug":"como-llegar-a-pixvae","status":"publish","type":"page","link":"https:\/\/divebasecoiba.com\/es\/como-llegar-a-pixvae\/","title":{"rendered":"\u00bfC\u00f3mo llegar a Pixvae?"},"content":{"rendered":"\t\t<div data-elementor-type=\"wp-page\" data-elementor-id=\"2866\" class=\"elementor elementor-2866\" data-elementor-post-type=\"page\">\n\t\t\t\t<div class=\"elementor-element elementor-element-10e3235 e-con-full e-flex e-con e-parent\" data-id=\"10e3235\" data-element_type=\"container\" data-settings=\"{&quot;background_background&quot;:&quot;classic&quot;,&quot;background_motion_fx_motion_fx_scrolling&quot;:&quot;yes&quot;,&quot;background_motion_fx_scale_direction&quot;:&quot;in-out&quot;,&quot;background_motion_fx_scale_effect&quot;:&quot;yes&quot;,&quot;background_motion_fx_scale_speed&quot;:{&quot;unit&quot;:&quot;px&quot;,&quot;size&quot;:4,&quot;sizes&quot;:[]},&quot;background_motion_fx_scale_range&quot;:{&quot;unit&quot;:&quot;%&quot;,&quot;size&quot;:&quot;&quot;,&quot;sizes&quot;:{&quot;start&quot;:20,&quot;end&quot;:80}},&quot;background_motion_fx_devices&quot;:[&quot;desktop&quot;,&quot;tablet&quot;,&quot;mobile&quot;]}\">\n\t\t<div class=\"elementor-element elementor-element-111ad42 e-con-full e-flex e-con e-child\" data-id=\"111ad42\" data-element_type=\"container\" data-settings=\"{&quot;background_background&quot;:&quot;classic&quot;}\">\n\t\t\t\t<\/div>\n\t\t<div class=\"elementor-element elementor-element-62b35cc e-flex e-con-boxed e-con e-child\" data-id=\"62b35cc\" data-element_type=\"container\">\n\t\t\t\t\t<div class=\"e-con-inner\">\n\t\t\t\t<div class=\"elementor-element elementor-element-9bbb9fd elementor-widget elementor-widget-heading\" data-id=\"9bbb9fd\" data-element_type=\"widget\" data-widget_type=\"heading.default\">\n\t\t\t\t<div class=\"elementor-widget-container\">\n\t\t\t\t\t<h1 class=\"elementor-heading-title elementor-size-default\">\u00bfC\u00f3mo llegar a Pixvae? <\/h1>\t\t\t\t<\/div>\n\t\t\t\t<\/div>\n\t\t\t\t<div class=\"elementor-element elementor-element-87f8e4f elementor-widget elementor-widget-text-editor\" data-id=\"87f8e4f\" data-element_type=\"widget\" data-widget_type=\"text-editor.default\">\n\t\t\t\t<div class=\"elementor-widget-container\">\n\t\t\t\t\t\t\t\t\tPixvae es un peque\u00f1o pueblo pesquero de la costa del Pac\u00edfico paname\u00f1o, famoso por su incre\u00edble vida marina y sus aguas pr\u00edstinas, que lo convierten en un destino codiciado por los buceadores. \t\t\t\t\t\t\t\t<\/div>\n\t\t\t\t<\/div>\n\t\t\t\t<div class=\"elementor-element elementor-element-aae5576 elementor-widget elementor-widget-button\" data-id=\"aae5576\" data-element_type=\"widget\" data-widget_type=\"button.default\">\n\t\t\t\t<div class=\"elementor-widget-container\">\n\t\t\t\t\t\t\t\t\t<div class=\"elementor-button-wrapper\">\n\t\t\t\t\t<a class=\"elementor-button elementor-button-link elementor-size-sm\" href=\"https:\/\/api.whatsapp.com\/send?phone=50769482240\">\n\t\t\t\t\t\t<span class=\"elementor-button-content-wrapper\">\n\t\t\t\t\t\t\t\t\t<span class=\"elementor-button-text\">Ayuda para llegar a pixvae<\/span>\n\t\t\t\t\t<\/span>\n\t\t\t\t\t<\/a>\n\t\t\t\t<\/div>\n\t\t\t\t\t\t\t\t<\/div>\n\t\t\t\t<\/div>\n\t\t\t\t\t<\/div>\n\t\t\t\t<\/div>\n\t\t\t\t<\/div>\n\t\t<div class=\"elementor-element elementor-element-4cd3c5b e-flex e-con-boxed e-con e-parent\" data-id=\"4cd3c5b\" data-element_type=\"container\">\n\t\t\t\t\t<div class=\"e-con-inner\">\n\t\t\t\t<div class=\"elementor-element elementor-element-6ee73c1 elementor-cta--layout-image-right elementor-cta--valign-middle elementor-cta--mobile-layout-image-above elementor-cta--skin-classic elementor-animated-content elementor-bg-transform elementor-bg-transform-zoom-in elementor-widget elementor-widget-call-to-action\" data-id=\"6ee73c1\" data-element_type=\"widget\" data-widget_type=\"call-to-action.default\">\n\t\t\t\t<div class=\"elementor-widget-container\">\n\t\t\t\t\t\t\t<div class=\"elementor-cta\">\n\t\t\t\t\t<div class=\"elementor-cta__bg-wrapper\">\n\t\t\t\t<div class=\"elementor-cta__bg elementor-bg\" style=\"background-image: url(https:\/\/divebasecoiba.com\/wp-content\/uploads\/2023\/06\/pixvae-view-from-hike.jpeg);\" role=\"img\" aria-label=\"View of Pixvae from above from Dive Base Coiba\"><\/div>\n\t\t\t\t<div class=\"elementor-cta__bg-overlay\"><\/div>\n\t\t\t<\/div>\n\t\t\t\t\t\t\t<div class=\"elementor-cta__content\">\n\t\t\t\t\n\t\t\t\t\t\t\t\t\t<h4 class=\"elementor-cta__title elementor-cta__content-item elementor-content-item\">\n\t\t\t\t\t\tC\u00d3MO LLEGAR A PIXVAE desde Panam\u00e1\t\t\t\t\t<\/h4>\n\t\t\t\t\n\t\t\t\t\t\t\t\t\t<div class=\"elementor-cta__description elementor-cta__content-item elementor-content-item\">\n\t\t\t\t\t\tToma un autob\u00fas desde la terminal de Albrook hacia Son\u00e1 (4 horas). <br><br>Luego, toma otro autob\u00fas desde Son\u00e1 a Pixvae (1 hora). <br><br>\nHorarios de Ciudad de Panam\u00e1 a Son\u00e1:\n5:50 a.m., 8:20 a.m., 10:20 a.m., 12:45 p.m., 2:20 p.m., 3:15 p.m., 4:20 p.m. y 5:45 p.m.<br><br>\nImportante: Solo puedes comprar el boleto en persona en la terminal de Albrook.<br><br>\nConsejo: Lleva ropa abrigada, ya que el autob\u00fas puede estar muy fr\u00edo.<br><br>\nHorario de Son\u00e1 a Pixvae:\n12:00 p.m.\nSolo hay un autob\u00fas.\nO toma un taxi desde Son\u00e1 hasta Pixvae.\t\t\t\t\t<\/div>\n\t\t\t\t\n\t\t\t\t\t\t\t<\/div>\n\t\t\t\t\t\t<\/div>\n\t\t\t\t\t\t<\/div>\n\t\t\t\t<\/div>\n\t\t\t\t\t<\/div>\n\t\t\t\t<\/div>\n\t\t<div class=\"elementor-element elementor-element-fc31488 e-flex e-con-boxed e-con e-parent\" data-id=\"fc31488\" data-element_type=\"container\">\n\t\t\t\t\t<div class=\"e-con-inner\">\n\t\t\t\t<div class=\"elementor-element elementor-element-9ae20bf elementor-cta--layout-image-left elementor-cta--valign-middle elementor-cta--mobile-layout-image-above elementor-cta--skin-classic elementor-animated-content elementor-bg-transform elementor-bg-transform-zoom-in elementor-widget elementor-widget-call-to-action\" data-id=\"9ae20bf\" data-element_type=\"widget\" data-widget_type=\"call-to-action.default\">\n\t\t\t\t<div class=\"elementor-widget-container\">\n\t\t\t\t\t\t\t<div class=\"elementor-cta\">\n\t\t\t\t\t<div class=\"elementor-cta__bg-wrapper\">\n\t\t\t\t<div class=\"elementor-cta__bg elementor-bg\" style=\"background-image: url(https:\/\/divebasecoiba.com\/wp-content\/uploads\/2025\/01\/image00039-scaled.jpeg);\" role=\"img\" aria-label=\"image00039\"><\/div>\n\t\t\t\t<div class=\"elementor-cta__bg-overlay\"><\/div>\n\t\t\t<\/div>\n\t\t\t\t\t\t\t<div class=\"elementor-cta__content\">\n\t\t\t\t\n\t\t\t\t\t\t\t\t\t<h4 class=\"elementor-cta__title elementor-cta__content-item elementor-content-item\">\n\t\t\t\t\t\tC\u00d3MO LLEGAR A PIXVAE desde Bocas del Toro\t\t\t\t\t<\/h4>\n\t\t\t\t\n\t\t\t\t\t\t\t\t\t<div class=\"elementor-cta__description elementor-cta__content-item elementor-content-item\">\n\t\t\t\t\t\tToma un taxi acu\u00e1tico a Almirante (alrededor de 40 minutos). <br><br>Luego, toma un transporte desde Almirante hacia David.<br><br> En la terminal de autobuses en David, toma un autob\u00fas hacia Santiago (2.5 horas), despu\u00e9s un autob\u00fas de Santiago a Son\u00e1, y finalmente desde Son\u00e1 a Pixvae (1\nhora).<br><br>\nHorarios de David a Santiago:\n6:15 a.m., 7:30 a.m., 8:45 a.m., 10:00 a.m., 11:15 a.m., 12:45 p.m., 2:15 p.m., 4:15 p.m., 6:00p.m., 8:00 p.m.<br><br>\nHorarios de Santiago a Son\u00e1:\nCada 30 minutos hasta las 6:00 p.m.\nHorario de Son\u00e1 a Pixvae:\n12:00 p.m.\nSolo hay un autob\u00fas.\nO toma un taxi desde Son\u00e1 hasta Pixvae.\t\t\t\t\t<\/div>\n\t\t\t\t\n\t\t\t\t\t\t\t<\/div>\n\t\t\t\t\t\t<\/div>\n\t\t\t\t\t\t<\/div>\n\t\t\t\t<\/div>\n\t\t\t\t\t<\/div>\n\t\t\t\t<\/div>\n\t\t<div class=\"elementor-element elementor-element-974dee0 e-flex e-con-boxed e-con e-parent\" data-id=\"974dee0\" data-element_type=\"container\">\n\t\t\t\t\t<div class=\"e-con-inner\">\n\t\t\t\t<div class=\"elementor-element elementor-element-c01c3d8 elementor-cta--layout-image-right elementor-cta--valign-middle elementor-cta--mobile-layout-image-above elementor-cta--skin-classic elementor-animated-content elementor-bg-transform elementor-bg-transform-zoom-in elementor-widget elementor-widget-call-to-action\" data-id=\"c01c3d8\" data-element_type=\"widget\" data-widget_type=\"call-to-action.default\">\n\t\t\t\t<div class=\"elementor-widget-container\">\n\t\t\t\t\t\t\t<div class=\"elementor-cta\">\n\t\t\t\t\t<div class=\"elementor-cta__bg-wrapper\">\n\t\t\t\t<div class=\"elementor-cta__bg elementor-bg\" style=\"background-image: url(https:\/\/divebasecoiba.com\/wp-content\/uploads\/2025\/01\/image00055-scaled.jpeg);\" role=\"img\" aria-label=\"image00055\"><\/div>\n\t\t\t\t<div class=\"elementor-cta__bg-overlay\"><\/div>\n\t\t\t<\/div>\n\t\t\t\t\t\t\t<div class=\"elementor-cta__content\">\n\t\t\t\t\n\t\t\t\t\t\t\t\t\t<h4 class=\"elementor-cta__title elementor-cta__content-item elementor-content-item\">\n\t\t\t\t\t\tC\u00d3MO LLEGAR A PIXVAE desde Boquete\t\t\t\t\t<\/h4>\n\t\t\t\t\n\t\t\t\t\t\t\t\t\t<div class=\"elementor-cta__description elementor-cta__content-item elementor-content-item\">\n\t\t\t\t\t\tToma un autob\u00fas p\u00fablico o un taxi desde Boquete hasta la terminal de autobuses en David.<br><br>\nDesde all\u00ed, toma un autob\u00fas hacia Santiago (2.5 horas), luego otro autob\u00fas de Santiago a Son\u00e1, y finalmente desde Son\u00e1 a Pixvae (1 hora).<br><br>\nHorarios de David a Santiago:\n6:15 a.m., 7:30 a.m., 8:45 a.m., 10:00 a.m., 11:15 a.m., 12:45 p.m., 2:15 p.m., 4:15 p.m., 6:00 p.m., 8:00 p.m.<br><br>\nHorarios de Santiago a Son\u00e1:\nCada 30 minutos hasta las 6:00 p.m.\nHorario de Son\u00e1 a Pixvae:\n12:00 p.m.<br><br>\nSolo hay un autob\u00fas.\nO toma un taxi desde Son\u00e1 hasta Pixvae.\t\t\t\t\t<\/div>\n\t\t\t\t\n\t\t\t\t\t\t\t<\/div>\n\t\t\t\t\t\t<\/div>\n\t\t\t\t\t\t<\/div>\n\t\t\t\t<\/div>\n\t\t\t\t\t<\/div>\n\t\t\t\t<\/div>\n\t\t<div class=\"elementor-element elementor-element-39df251 e-flex e-con-boxed e-con e-parent\" data-id=\"39df251\" data-element_type=\"container\">\n\t\t\t\t\t<div class=\"e-con-inner\">\n\t\t\t\t<div class=\"elementor-element elementor-element-54f7f26 elementor-cta--layout-image-left elementor-cta--valign-middle elementor-cta--mobile-layout-image-above elementor-cta--skin-classic elementor-animated-content elementor-bg-transform elementor-bg-transform-zoom-in elementor-widget elementor-widget-call-to-action\" data-id=\"54f7f26\" data-element_type=\"widget\" data-widget_type=\"call-to-action.default\">\n\t\t\t\t<div class=\"elementor-widget-container\">\n\t\t\t\t\t\t\t<div class=\"elementor-cta\">\n\t\t\t\t\t<div class=\"elementor-cta__bg-wrapper\">\n\t\t\t\t<div class=\"elementor-cta__bg elementor-bg\" style=\"background-image: url(https:\/\/divebasecoiba.com\/wp-content\/uploads\/2025\/01\/image00048.png);\" role=\"img\" aria-label=\"image00048\"><\/div>\n\t\t\t\t<div class=\"elementor-cta__bg-overlay\"><\/div>\n\t\t\t<\/div>\n\t\t\t\t\t\t\t<div class=\"elementor-cta__content\">\n\t\t\t\t\n\t\t\t\t\t\t\t\t\t<h4 class=\"elementor-cta__title elementor-cta__content-item elementor-content-item\">\n\t\t\t\t\t\tC\u00d3MO LLEGAR A PIXVAE desde Playa Venao\t\t\t\t\t<\/h4>\n\t\t\t\t\n\t\t\t\t\t\t\t\t\t<div class=\"elementor-cta__description elementor-cta__content-item elementor-content-item\">\n\t\t\t\t\t\tToma un autob\u00fas desde Playa Venao hacia Ciudad de Panam\u00e1. En Ciudad de Panam\u00e1, toma un autob\u00fas desde la terminal de Albrook hacia Son\u00e1 (4 horas), y luego otro autob\u00fas desde Son\u00e1 a Pixvae (1 hora). <br><br>\nImportante: Solo puedes comprar el boleto en persona en la terminal de Albrook.\nConsejo: Lleva ropa abrigada, ya que el autob\u00fas puede estar muy fr\u00edo.\nHorarios de Ciudad de Panam\u00e1 a Son\u00e1:\n5:50 a.m., 8:20 a.m., 10:20 a.m., 12:45 p.m., 2:20 p.m., 3:15 p.m., 4:20 p.m. y 5:45 p.m.\n<br><br>Horario de Son\u00e1 a Pixvae:\n12:00 p.m.\nSolo hay un autob\u00fas.<br><br>\nO toma un taxi desde Son\u00e1 hasta Pixvae.\t\t\t\t\t<\/div>\n\t\t\t\t\n\t\t\t\t\t\t\t<\/div>\n\t\t\t\t\t\t<\/div>\n\t\t\t\t\t\t<\/div>\n\t\t\t\t<\/div>\n\t\t\t\t\t<\/div>\n\t\t\t\t<\/div>\n\t\t\t\t<\/div>\n\t\t","protected":false},"excerpt":{"rendered":"<p>\u00bfC\u00f3mo llegar a Pixvae? Pixvae es un peque\u00f1o pueblo pesquero de la costa del Pac\u00edfico paname\u00f1o, famoso por su incre\u00edble vida marina y sus aguas pr\u00edstinas, que lo convierten en un destino codiciado por los buceadores. Ayuda para llegar a pixvae C\u00d3MO LLEGAR A PIXVAE desde Panam\u00e1 Toma un autob\u00fas desde la terminal de Albrook [&hellip;]<\/p>\n","protected":false},"author":3,"featured_media":2686,"parent":0,"menu_order":0,"comment_status":"closed","ping_status":"closed","template":"","meta":{"footnotes":""},"class_list":["post-2866","page","type-page","status-publish","has-post-thumbnail","hentry"],"yoast_head":"<!-- This site is optimized with the Yoast SEO plugin v26.2 - https:\/\/yoast.com\/wordpress\/plugins\/seo\/ -->\n<title>\u00bfC\u00f3mo llegar a Pixvae? - Dive Base Coiba<\/title>\n<meta name=\"description\" content=\"Una gu\u00eda dise\u00f1ada para que llegues a Pixvae, pueblo pesquero de la costa del Pac\u00edfico paname\u00f1o, famoso por su incre\u00edble vida marina.\" \/>\n<meta name=\"robots\" content=\"index, follow, max-snippet:-1, max-image-preview:large, max-video-preview:-1\" \/>\n<link rel=\"canonical\" href=\"https:\/\/divebasecoiba.com\/es\/como-llegar-a-pixvae\/\" \/>\n<meta property=\"og:locale\" content=\"es_ES\" \/>\n<meta property=\"og:type\" content=\"article\" \/>\n<meta property=\"og:title\" content=\"\u00bfC\u00f3mo llegar a Pixvae? - Dive Base Coiba\" \/>\n<meta property=\"og:description\" content=\"Una gu\u00eda dise\u00f1ada para que llegues a Pixvae, pueblo pesquero de la costa del Pac\u00edfico paname\u00f1o, famoso por su incre\u00edble vida marina.\" \/>\n<meta property=\"og:url\" content=\"https:\/\/divebasecoiba.com\/es\/como-llegar-a-pixvae\/\" \/>\n<meta property=\"og:site_name\" content=\"Dive Base Coiba\" \/>\n<meta property=\"article:publisher\" content=\"https:\/\/web.facebook.com\/divebasecoiba?_rdc=1&amp;_rdr#\" \/>\n<meta property=\"article:modified_time\" content=\"2025-11-07T18:37:53+00:00\" \/>\n<meta property=\"og:image\" content=\"https:\/\/divebasecoiba.com\/wp-content\/uploads\/2025\/01\/image00064-scaled.jpeg\" \/>\n\t<meta property=\"og:image:width\" content=\"1920\" \/>\n\t<meta property=\"og:image:height\" content=\"2560\" \/>\n\t<meta property=\"og:image:type\" content=\"image\/jpeg\" \/>\n<meta name=\"twitter:card\" content=\"summary_large_image\" \/>\n<meta name=\"twitter:label1\" content=\"Tiempo de lectura\" \/>\n\t<meta name=\"twitter:data1\" content=\"3 minutos\" \/>\n<script type=\"application\/ld+json\" class=\"yoast-schema-graph\">{\"@context\":\"https:\/\/schema.org\",\"@graph\":[{\"@type\":\"WebPage\",\"@id\":\"https:\/\/divebasecoiba.com\/es\/como-llegar-a-pixvae\/\",\"url\":\"https:\/\/divebasecoiba.com\/es\/como-llegar-a-pixvae\/\",\"name\":\"\u00bfC\u00f3mo llegar a Pixvae? - Dive Base Coiba\",\"isPartOf\":{\"@id\":\"https:\/\/divebasecoiba.com\/#website\"},\"primaryImageOfPage\":{\"@id\":\"https:\/\/divebasecoiba.com\/es\/como-llegar-a-pixvae\/#primaryimage\"},\"image\":{\"@id\":\"https:\/\/divebasecoiba.com\/es\/como-llegar-a-pixvae\/#primaryimage\"},\"thumbnailUrl\":\"https:\/\/divebasecoiba.com\/wp-content\/uploads\/2025\/01\/image00064-scaled.jpeg\",\"datePublished\":\"2025-02-01T19:31:34+00:00\",\"dateModified\":\"2025-11-07T18:37:53+00:00\",\"description\":\"Una gu\u00eda dise\u00f1ada para que llegues a Pixvae, pueblo pesquero de la costa del Pac\u00edfico paname\u00f1o, famoso por su incre\u00edble vida marina.\",\"breadcrumb\":{\"@id\":\"https:\/\/divebasecoiba.com\/es\/como-llegar-a-pixvae\/#breadcrumb\"},\"inLanguage\":\"es\",\"potentialAction\":[{\"@type\":\"ReadAction\",\"target\":[\"https:\/\/divebasecoiba.com\/es\/como-llegar-a-pixvae\/\"]}]},{\"@type\":\"ImageObject\",\"inLanguage\":\"es\",\"@id\":\"https:\/\/divebasecoiba.com\/es\/como-llegar-a-pixvae\/#primaryimage\",\"url\":\"https:\/\/divebasecoiba.com\/wp-content\/uploads\/2025\/01\/image00064-scaled.jpeg\",\"contentUrl\":\"https:\/\/divebasecoiba.com\/wp-content\/uploads\/2025\/01\/image00064-scaled.jpeg\",\"width\":1920,\"height\":2560,\"caption\":\"\u00bfC\u00f3mo llegar a Pixvae?\"},{\"@type\":\"BreadcrumbList\",\"@id\":\"https:\/\/divebasecoiba.com\/es\/como-llegar-a-pixvae\/#breadcrumb\",\"itemListElement\":[{\"@type\":\"ListItem\",\"position\":1,\"name\":\"Home\",\"item\":\"https:\/\/divebasecoiba.com\/es\/\"},{\"@type\":\"ListItem\",\"position\":2,\"name\":\"\u00bfC\u00f3mo llegar a Pixvae?\"}]},{\"@type\":\"WebSite\",\"@id\":\"https:\/\/divebasecoiba.com\/#website\",\"url\":\"https:\/\/divebasecoiba.com\/\",\"name\":\"Dive Base Coiba\",\"description\":\"Scuba Diving Coiba National Park\",\"publisher\":{\"@id\":\"https:\/\/divebasecoiba.com\/#organization\"},\"alternateName\":\"Escuela de Buceo en Coiba\",\"potentialAction\":[{\"@type\":\"SearchAction\",\"target\":{\"@type\":\"EntryPoint\",\"urlTemplate\":\"https:\/\/divebasecoiba.com\/?s={search_term_string}\"},\"query-input\":{\"@type\":\"PropertyValueSpecification\",\"valueRequired\":true,\"valueName\":\"search_term_string\"}}],\"inLanguage\":\"es\"},{\"@type\":\"Organization\",\"@id\":\"https:\/\/divebasecoiba.com\/#organization\",\"name\":\"Dive Base Coiba\",\"alternateName\":\"Escuela de Buceo en Coiba\",\"url\":\"https:\/\/divebasecoiba.com\/\",\"logo\":{\"@type\":\"ImageObject\",\"inLanguage\":\"es\",\"@id\":\"https:\/\/divebasecoiba.com\/#\/schema\/logo\/image\/\",\"url\":\"https:\/\/divebasecoiba.com\/wp-content\/uploads\/2023\/06\/cropped-dbc-favicon.png\",\"contentUrl\":\"https:\/\/divebasecoiba.com\/wp-content\/uploads\/2023\/06\/cropped-dbc-favicon.png\",\"width\":512,\"height\":512,\"caption\":\"Dive Base Coiba\"},\"image\":{\"@id\":\"https:\/\/divebasecoiba.com\/#\/schema\/logo\/image\/\"},\"sameAs\":[\"https:\/\/web.facebook.com\/divebasecoiba?_rdc=1&_rdr#\",\"https:\/\/www.instagram.com\/divebasecoiba\/\",\"https:\/\/www.youtube.com\/@divebasecoiba\"]}]}<\/script>\n<!-- \/ Yoast SEO plugin. -->","yoast_head_json":{"title":"\u00bfC\u00f3mo llegar a Pixvae? - Dive Base Coiba","description":"Una gu\u00eda dise\u00f1ada para que llegues a Pixvae, pueblo pesquero de la costa del Pac\u00edfico paname\u00f1o, famoso por su incre\u00edble vida marina.","robots":{"index":"index","follow":"follow","max-snippet":"max-snippet:-1","max-image-preview":"max-image-preview:large","max-video-preview":"max-video-preview:-1"},"canonical":"https:\/\/divebasecoiba.com\/es\/como-llegar-a-pixvae\/","og_locale":"es_ES","og_type":"article","og_title":"\u00bfC\u00f3mo llegar a Pixvae? - Dive Base Coiba","og_description":"Una gu\u00eda dise\u00f1ada para que llegues a Pixvae, pueblo pesquero de la costa del Pac\u00edfico paname\u00f1o, famoso por su incre\u00edble vida marina.","og_url":"https:\/\/divebasecoiba.com\/es\/como-llegar-a-pixvae\/","og_site_name":"Dive Base Coiba","article_publisher":"https:\/\/web.facebook.com\/divebasecoiba?_rdc=1&_rdr#","article_modified_time":"2025-11-07T18:37:53+00:00","og_image":[{"width":1920,"height":2560,"url":"https:\/\/divebasecoiba.com\/wp-content\/uploads\/2025\/01\/image00064-scaled.jpeg","type":"image\/jpeg"}],"twitter_card":"summary_large_image","twitter_misc":{"Tiempo de lectura":"3 minutos"},"schema":{"@context":"https:\/\/schema.org","@graph":[{"@type":"WebPage","@id":"https:\/\/divebasecoiba.com\/es\/como-llegar-a-pixvae\/","url":"https:\/\/divebasecoiba.com\/es\/como-llegar-a-pixvae\/","name":"\u00bfC\u00f3mo llegar a Pixvae? - Dive Base Coiba","isPartOf":{"@id":"https:\/\/divebasecoiba.com\/#website"},"primaryImageOfPage":{"@id":"https:\/\/divebasecoiba.com\/es\/como-llegar-a-pixvae\/#primaryimage"},"image":{"@id":"https:\/\/divebasecoiba.com\/es\/como-llegar-a-pixvae\/#primaryimage"},"thumbnailUrl":"https:\/\/divebasecoiba.com\/wp-content\/uploads\/2025\/01\/image00064-scaled.jpeg","datePublished":"2025-02-01T19:31:34+00:00","dateModified":"2025-11-07T18:37:53+00:00","description":"Una gu\u00eda dise\u00f1ada para que llegues a Pixvae, pueblo pesquero de la costa del Pac\u00edfico paname\u00f1o, famoso por su incre\u00edble vida marina.","breadcrumb":{"@id":"https:\/\/divebasecoiba.com\/es\/como-llegar-a-pixvae\/#breadcrumb"},"inLanguage":"es","potentialAction":[{"@type":"ReadAction","target":["https:\/\/divebasecoiba.com\/es\/como-llegar-a-pixvae\/"]}]},{"@type":"ImageObject","inLanguage":"es","@id":"https:\/\/divebasecoiba.com\/es\/como-llegar-a-pixvae\/#primaryimage","url":"https:\/\/divebasecoiba.com\/wp-content\/uploads\/2025\/01\/image00064-scaled.jpeg","contentUrl":"https:\/\/divebasecoiba.com\/wp-content\/uploads\/2025\/01\/image00064-scaled.jpeg","width":1920,"height":2560,"caption":"\u00bfC\u00f3mo llegar a Pixvae?"},{"@type":"BreadcrumbList","@id":"https:\/\/divebasecoiba.com\/es\/como-llegar-a-pixvae\/#breadcrumb","itemListElement":[{"@type":"ListItem","position":1,"name":"Home","item":"https:\/\/divebasecoiba.com\/es\/"},{"@type":"ListItem","position":2,"name":"\u00bfC\u00f3mo llegar a Pixvae?"}]},{"@type":"WebSite","@id":"https:\/\/divebasecoiba.com\/#website","url":"https:\/\/divebasecoiba.com\/","name":"Dive Base Coiba","description":"Scuba Diving Coiba National Park","publisher":{"@id":"https:\/\/divebasecoiba.com\/#organization"},"alternateName":"Escuela de Buceo en Coiba","potentialAction":[{"@type":"SearchAction","target":{"@type":"EntryPoint","urlTemplate":"https:\/\/divebasecoiba.com\/?s={search_term_string}"},"query-input":{"@type":"PropertyValueSpecification","valueRequired":true,"valueName":"search_term_string"}}],"inLanguage":"es"},{"@type":"Organization","@id":"https:\/\/divebasecoiba.com\/#organization","name":"Dive Base Coiba","alternateName":"Escuela de Buceo en Coiba","url":"https:\/\/divebasecoiba.com\/","logo":{"@type":"ImageObject","inLanguage":"es","@id":"https:\/\/divebasecoiba.com\/#\/schema\/logo\/image\/","url":"https:\/\/divebasecoiba.com\/wp-content\/uploads\/2023\/06\/cropped-dbc-favicon.png","contentUrl":"https:\/\/divebasecoiba.com\/wp-content\/uploads\/2023\/06\/cropped-dbc-favicon.png","width":512,"height":512,"caption":"Dive Base Coiba"},"image":{"@id":"https:\/\/divebasecoiba.com\/#\/schema\/logo\/image\/"},"sameAs":["https:\/\/web.facebook.com\/divebasecoiba?_rdc=1&_rdr#","https:\/\/www.instagram.com\/divebasecoiba\/","https:\/\/www.youtube.com\/@divebasecoiba"]}]}},"_links":{"self":[{"href":"https:\/\/divebasecoiba.com\/es\/wp-json\/wp\/v2\/pages\/2866","targetHints":{"allow":["GET"]}}],"collection":[{"href":"https:\/\/divebasecoiba.com\/es\/wp-json\/wp\/v2\/pages"}],"about":[{"href":"https:\/\/divebasecoiba.com\/es\/wp-json\/wp\/v2\/types\/page"}],"author":[{"embeddable":true,"href":"https:\/\/divebasecoiba.com\/es\/wp-json\/wp\/v2\/users\/3"}],"replies":[{"embeddable":true,"href":"https:\/\/divebasecoiba.com\/es\/wp-json\/wp\/v2\/comments?post=2866"}],"version-history":[{"count":8,"href":"https:\/\/divebasecoiba.com\/es\/wp-json\/wp\/v2\/pages\/2866\/revisions"}],"predecessor-version":[{"id":2874,"href":"https:\/\/divebasecoiba.com\/es\/wp-json\/wp\/v2\/pages\/2866\/revisions\/2874"}],"wp:featuredmedia":[{"embeddable":true,"href":"https:\/\/divebasecoiba.com\/es\/wp-json\/wp\/v2\/media\/2686"}],"wp:attachment":[{"href":"https:\/\/divebasecoiba.com\/es\/wp-json\/wp\/v2\/media?parent=2866"}],"curies":[{"name":"wp","href":"https:\/\/api.w.org\/{rel}","templated":true}]}}