{"id":1360,"date":"2023-05-24T23:52:49","date_gmt":"2023-05-25T04:52:49","guid":{"rendered":"https:\/\/dbc.isresearch.one\/acerca-de-coiba\/"},"modified":"2025-02-01T17:22:15","modified_gmt":"2025-02-01T22:22:15","slug":"acerca-de-coiba","status":"publish","type":"page","link":"https:\/\/divebasecoiba.com\/es\/acerca-de-coiba\/","title":{"rendered":"Coiba"},"content":{"rendered":"\t\t<div data-elementor-type=\"wp-page\" data-elementor-id=\"1360\" class=\"elementor elementor-1360 elementor-1226\" data-elementor-post-type=\"page\">\n\t\t\t\t<div class=\"elementor-element elementor-element-0203f18 e-con-full e-flex e-con e-parent\" data-id=\"0203f18\" data-element_type=\"container\" data-settings=\"{&quot;background_background&quot;:&quot;classic&quot;,&quot;background_motion_fx_motion_fx_scrolling&quot;:&quot;yes&quot;,&quot;background_motion_fx_scale_effect&quot;:&quot;yes&quot;,&quot;background_motion_fx_scale_direction&quot;:&quot;in-out&quot;,&quot;background_motion_fx_scale_speed&quot;:{&quot;unit&quot;:&quot;px&quot;,&quot;size&quot;:4,&quot;sizes&quot;:[]},&quot;background_motion_fx_scale_range&quot;:{&quot;unit&quot;:&quot;%&quot;,&quot;size&quot;:&quot;&quot;,&quot;sizes&quot;:{&quot;start&quot;:20,&quot;end&quot;:80}},&quot;background_motion_fx_devices&quot;:[&quot;desktop&quot;,&quot;tablet&quot;,&quot;mobile&quot;]}\">\n\t\t<div class=\"elementor-element elementor-element-ecf10a0 e-con-full e-flex e-con e-child\" data-id=\"ecf10a0\" data-element_type=\"container\" data-settings=\"{&quot;background_background&quot;:&quot;classic&quot;}\">\n\t\t\t\t<\/div>\n\t\t<div class=\"elementor-element elementor-element-c0fb8a2 e-con-full e-flex e-con e-child\" data-id=\"c0fb8a2\" data-element_type=\"container\">\n\t\t\t\t<div class=\"elementor-element elementor-element-55f96ee elementor-widget elementor-widget-heading\" data-id=\"55f96ee\" data-element_type=\"widget\" data-widget_type=\"heading.default\">\n\t\t\t\t<div class=\"elementor-widget-container\">\n\t\t\t\t\t<h2 class=\"elementor-heading-title elementor-size-default\">Acerca de<\/h2>\t\t\t\t<\/div>\n\t\t\t\t<\/div>\n\t\t\t\t<div class=\"elementor-element elementor-element-539ed5e elementor-widget elementor-widget-heading\" data-id=\"539ed5e\" data-element_type=\"widget\" data-widget_type=\"heading.default\">\n\t\t\t\t<div class=\"elementor-widget-container\">\n\t\t\t\t\t<h1 class=\"elementor-heading-title elementor-size-default\">Coiba<\/h1>\t\t\t\t<\/div>\n\t\t\t\t<\/div>\n\t\t\t\t<div class=\"elementor-element elementor-element-218f1b9 elementor-widget elementor-widget-text-editor\" data-id=\"218f1b9\" data-element_type=\"widget\" data-widget_type=\"text-editor.default\">\n\t\t\t\t<div class=\"elementor-widget-container\">\n\t\t\t\t\t\t\t\t\t<p>Descubre Isla Coiba, un para\u00edso natural en Panam\u00e1 con playas v\u00edrgenes, biodiversidad \u00fanica y buceo de clase mundial en un entorno protegido por la UNESCO.<\/p>\t\t\t\t\t\t\t\t<\/div>\n\t\t\t\t<\/div>\n\t\t\t\t<\/div>\n\t\t\t\t<\/div>\n\t\t<div class=\"elementor-element elementor-element-ca2a9b5 e-con-full e-flex e-con e-parent\" data-id=\"ca2a9b5\" data-element_type=\"container\">\n\t\t<div class=\"elementor-element elementor-element-c132e10 e-con-full e-flex elementor-invisible e-con e-child\" data-id=\"c132e10\" data-element_type=\"container\" data-settings=\"{&quot;background_background&quot;:&quot;classic&quot;,&quot;animation&quot;:&quot;fadeInLeft&quot;}\">\n\t\t\t\t<\/div>\n\t\t<div class=\"elementor-element elementor-element-c9c8de1 e-con-full e-flex elementor-invisible e-con e-child\" data-id=\"c9c8de1\" data-element_type=\"container\" data-settings=\"{&quot;animation&quot;:&quot;fadeInUp&quot;}\">\n\t\t\t\t<div class=\"elementor-element elementor-element-1568ed0 elementor-widget elementor-widget-heading\" data-id=\"1568ed0\" data-element_type=\"widget\" data-widget_type=\"heading.default\">\n\t\t\t\t<div class=\"elementor-widget-container\">\n\t\t\t\t\t<h2 class=\"elementor-heading-title elementor-size-default\">Coiba<\/h2>\t\t\t\t<\/div>\n\t\t\t\t<\/div>\n\t\t\t\t<div class=\"elementor-element elementor-element-874d2f7 elementor-widget elementor-widget-heading\" data-id=\"874d2f7\" data-element_type=\"widget\" data-widget_type=\"heading.default\">\n\t\t\t\t<div class=\"elementor-widget-container\">\n\t\t\t\t\t<h2 class=\"elementor-heading-title elementor-size-default\">Patrimonio mundial de la UNESCO<\/h2>\t\t\t\t<\/div>\n\t\t\t\t<\/div>\n\t\t\t\t<div class=\"elementor-element elementor-element-1462475 elementor-widget elementor-widget-text-editor\" data-id=\"1462475\" data-element_type=\"widget\" data-widget_type=\"text-editor.default\">\n\t\t\t\t<div class=\"elementor-widget-container\">\n\t\t\t\t\t\t\t\t\t<p><span style=\"font-weight: 400;\">El Parque Nacional de Coiba, situado en el oc\u00e9ano Pac\u00edfico frente a la costa paname\u00f1a, es un refugio protegido de m\u00e1s de 503 kil\u00f3metros cuadrados. Siendo la mayor isla de Centroam\u00e9rica, Coiba cautiva a los visitantes con sus impresionantes paisajes, vibrantes arrecifes de coral, abundante vida marina y notables posibilidades de buceo.<\/span><\/p><p><span style=\"font-weight: 400;\">La isla de Coiba sirvi\u00f3 como colonia penal paname\u00f1a desde 1919 hasta 2004, manteniendo su exclusividad del p\u00fablico y preservando el ecosistema marino circundante. En 1991, la isla y sus aguas fueron designadas parque nacional, salvaguardando su diversa fauna, como el mono aullador de la isla de Coiba y el agut\u00ed. Reconocido como Patrimonio de la Humanidad por la UNESCO en 2005, el Parque Nacional de Coiba se erige como un pr\u00edstino refugio de excepcional biodiversidad.<\/span><\/p><p><span style=\"font-weight: 400;\">Hoy en d\u00eda, el Parque Nacional de Coiba es un destino popular para el ecoturismo y es conocido por sus excelentes oportunidades de buceo y snorkel. El parque est\u00e1 gestionado por el gobierno paname\u00f1o y protegido por ley para garantizar su conservaci\u00f3n para las generaciones futuras.<\/span><\/p><p><span style=\"font-weight: 400;\">Coiba ofrece excepcionales experiencias de buceo con su diversa vida marina y sus maravillas naturales. Si planea visitar el pa\u00eds entre <\/span><span style=\"text-decoration: underline;\"><b>diciembre y abril, le espera un regalo, ya que es la temporada del tibur\u00f3n ballena<\/b><\/span><span style=\"font-weight: 400;\"><span style=\"text-decoration: underline;\">.<\/span> Durante este tiempo, tiene m\u00e1s posibilidades de encontrarse con estas majestuosas criaturas mientras explora el mundo submarino. Nadar junto a tiburones ballena es una experiencia impresionante que no debe perderse.<\/span><\/p>\t\t\t\t\t\t\t\t<\/div>\n\t\t\t\t<\/div>\n\t\t\t\t<\/div>\n\t\t\t\t<\/div>\n\t\t<div class=\"elementor-element elementor-element-7cdaffc e-con-full e-flex e-con e-parent\" data-id=\"7cdaffc\" data-element_type=\"container\">\n\t\t<div class=\"elementor-element elementor-element-0ef071f e-con-full e-flex elementor-invisible e-con e-child\" data-id=\"0ef071f\" data-element_type=\"container\" data-settings=\"{&quot;animation&quot;:&quot;fadeInUp&quot;}\">\n\t\t\t\t<div class=\"elementor-element elementor-element-9718490 elementor-widget elementor-widget-heading\" data-id=\"9718490\" data-element_type=\"widget\" data-widget_type=\"heading.default\">\n\t\t\t\t<div class=\"elementor-widget-container\">\n\t\t\t\t\t<h2 class=\"elementor-heading-title elementor-size-default\">Un para\u00edso para bucear todo el a\u00f1o<\/h2>\t\t\t\t<\/div>\n\t\t\t\t<\/div>\n\t\t\t\t<div class=\"elementor-element elementor-element-862c1f4 elementor-widget elementor-widget-text-editor\" data-id=\"862c1f4\" data-element_type=\"widget\" data-widget_type=\"text-editor.default\">\n\t\t\t\t<div class=\"elementor-widget-container\">\n\t\t\t\t\t\t\t\t\t<p><span style=\"font-weight: 400;\">Para quienes visiten la isla de Coiba de <\/span><b>julio a septiembre, la <span style=\"text-decoration: underline;\">temporada de ballenas jorobadas<\/span> ofrece otro espect\u00e1culo incre\u00edble<\/b><span style=\"font-weight: 400;\">. Ser testigo de la migraci\u00f3n de estas magn\u00edficas criaturas es un espect\u00e1culo inolvidable. Las pr\u00edstinas aguas de la isla se convierten en un refugio para las ballenas jorobadas durante estos meses, ofreciendo una oportunidad \u00fanica de observar sus exhibiciones acrob\u00e1ticas y escuchar sus inquietantes cantos.<\/span><\/p><p><span style=\"font-weight: 400;\">Adem\u00e1s de estos aspectos destacados estacionales, la isla de Coiba presume de ser un para\u00edso para el submarinismo durante todo el a\u00f1o, con temperaturas de agua c\u00e1lidas de 27-29\u00b0C de media. La visibilidad oscila entre 15 y 20 metros, lo que proporciona unas condiciones excelentes para explorar los vibrantes arrecifes de coral y toparse con una gran variedad de especies marinas. Vale la pena se\u00f1alar que el per\u00edodo de febrero a abril puede presentar termoclinas, donde el agua m\u00e1s fr\u00eda de las regiones m\u00e1s profundas se mezcla con el agua c\u00e1lida, creando un emocionante contraste.<\/span><\/p><p><span style=\"font-weight: 400;\"><strong>De abril a principios de julio, tienen la emocionante oportunidad de presenciar la <span style=\"text-decoration: underline;\">temporada del tibur\u00f3n martillo.<\/span><\/strong> Estas incre\u00edbles criaturas pueden avistarse en el Archipi\u00e9lago de Contreras, situado cerca de Coiba. Nadar junto a tiburones martillo es una experiencia emocionante que atrae a buzos de todo el mundo.<\/span><\/p><p><span style=\"font-weight: 400;\">Tanto si es un \u00e1vido buceador como un entusiasta de la naturaleza, Coiba y las maravillas submarinas del Archipi\u00e9lago de Contreras ofrecen una experiencia incre\u00edble. Desde nadar con tiburones ballena hasta observar ballenas jorobadas, el variado ecosistema marino de la isla le dejar\u00e1 maravillado. Planifique su visita en consecuencia para aprovechar al m\u00e1ximo estos extraordinarios encuentros y las \u00f3ptimas condiciones de buceo que ofrece la isla de Coiba.<\/span><\/p>\t\t\t\t\t\t\t\t<\/div>\n\t\t\t\t<\/div>\n\t\t\t\t<\/div>\n\t\t<div class=\"elementor-element elementor-element-7117ac9 e-con-full e-flex elementor-invisible e-con e-child\" data-id=\"7117ac9\" data-element_type=\"container\" data-settings=\"{&quot;background_background&quot;:&quot;classic&quot;,&quot;animation&quot;:&quot;fadeInRight&quot;}\">\n\t\t\t\t<\/div>\n\t\t\t\t<\/div>\n\t\t<div class=\"elementor-element elementor-element-a5235b7 e-con-full e-flex e-con e-parent\" data-id=\"a5235b7\" data-element_type=\"container\">\n\t\t<div class=\"elementor-element elementor-element-96c9441 e-con-full e-flex elementor-invisible e-con e-child\" data-id=\"96c9441\" data-element_type=\"container\" data-settings=\"{&quot;background_background&quot;:&quot;classic&quot;,&quot;animation&quot;:&quot;fadeInLeft&quot;}\">\n\t\t\t\t<\/div>\n\t\t<div class=\"elementor-element elementor-element-1c65325 e-con-full e-flex elementor-invisible e-con e-child\" data-id=\"1c65325\" data-element_type=\"container\" data-settings=\"{&quot;animation&quot;:&quot;fadeInUp&quot;}\">\n\t\t\t\t<div class=\"elementor-element elementor-element-3e61dd6 elementor-widget elementor-widget-heading\" data-id=\"3e61dd6\" data-element_type=\"widget\" data-widget_type=\"heading.default\">\n\t\t\t\t<div class=\"elementor-widget-container\">\n\t\t\t\t\t<h2 class=\"elementor-heading-title elementor-size-default\">Archipielago de Contreras<\/h2>\t\t\t\t<\/div>\n\t\t\t\t<\/div>\n\t\t\t\t<div class=\"elementor-element elementor-element-ceb351d elementor-widget elementor-widget-text-editor\" data-id=\"ceb351d\" data-element_type=\"widget\" data-widget_type=\"text-editor.default\">\n\t\t\t\t<div class=\"elementor-widget-container\">\n\t\t\t\t\t\t\t\t\t<p><span style=\"font-weight: 400;\">Bucear en el Archipi\u00e9lago de Contreras es una experiencia excepcional que ofrece una visi\u00f3n de la diversa vida marina y los arrecifes de coral de Panam\u00e1. Las aguas que rodean el archipi\u00e9lago albergan una gran variedad de criaturas marinas, como bancos de peces tropicales, vibrantes corales y fascinante macrofauna. <\/span><b>Esto lo convierte en un lugar ideal para buceadores experimentados que buscan un reto y una aventura submarina \u00fanica. <\/b><span style=\"font-weight: 400;\">Los puntos de inmersi\u00f3n del Archipi\u00e9lago de Contreras est\u00e1n a s\u00f3lo 25 minutos en barco de nuestro centro de buceo, lo que lo convierte en un lugar c\u00f3modo y accesible para nuestros hu\u00e9spedes. Los puntos de inmersi\u00f3n de esta zona ofrecen la oportunidad de explorar impresionantes paredes, profundas ca\u00eddas y ca\u00f1ones submarinos, lo que proporciona una emocionante experiencia de buceo. Los buceadores pueden esperar encontrarse con una gran variedad de especies marinas, como tiburones, rayas y tortugas marinas, as\u00ed como macrofauna \u00fanica, nudibranquios y caballitos de mar.<\/span><\/p><p><b><u>El Archipi\u00e9lago de Contreras es un punto clave para el avistamiento de tiburones martillo<\/u><\/b><span style=\"font-weight: 400;\">, lo que a\u00f1ade un extra de emoci\u00f3n a sus aventuras de buceo.<\/span><\/p><p><span style=\"font-weight: 400;\">En Dive Base Coiba, ofrecemos una gama de paquetes de buceo adaptados a las necesidades de nuestros buceadores. Nuestros gu\u00edas expertos le acompa\u00f1ar\u00e1n en sus inmersiones, garantiz\u00e1ndole una experiencia de buceo segura e inolvidable.<\/span><\/p>\t\t\t\t\t\t\t\t<\/div>\n\t\t\t\t<\/div>\n\t\t\t\t<\/div>\n\t\t\t\t<\/div>\n\t\t\t\t<\/div>\n\t\t","protected":false},"excerpt":{"rendered":"<p>Acerca de Coiba Descubre Isla Coiba, un para\u00edso natural en Panam\u00e1 con playas v\u00edrgenes, biodiversidad \u00fanica y buceo de clase mundial en un entorno protegido por la UNESCO. Coiba Patrimonio mundial de la UNESCO El Parque Nacional de Coiba, situado en el oc\u00e9ano Pac\u00edfico frente a la costa paname\u00f1a, es un refugio protegido de m\u00e1s [&hellip;]<\/p>\n","protected":false},"author":1,"featured_media":0,"parent":0,"menu_order":0,"comment_status":"closed","ping_status":"closed","template":"","meta":{"footnotes":""},"class_list":["post-1360","page","type-page","status-publish","hentry"],"yoast_head":"<!-- This site is optimized with the Yoast SEO plugin v26.2 - https:\/\/yoast.com\/wordpress\/plugins\/seo\/ -->\n<title>Coiba - Dive Base Coiba<\/title>\n<meta name=\"description\" content=\"Coiba | Descubre Isla Coiba, un para\u00edso natural en Panam\u00e1 con playas v\u00edrgenes, biodiversidad \u00fanica y buceo de clase mundial.\" \/>\n<meta name=\"robots\" content=\"index, follow, max-snippet:-1, max-image-preview:large, max-video-preview:-1\" \/>\n<link rel=\"canonical\" href=\"https:\/\/divebasecoiba.com\/es\/acerca-de-coiba\/\" \/>\n<meta property=\"og:locale\" content=\"es_ES\" \/>\n<meta property=\"og:type\" content=\"article\" \/>\n<meta property=\"og:title\" content=\"Coiba - Dive Base Coiba\" \/>\n<meta property=\"og:description\" content=\"Coiba | Descubre Isla Coiba, un para\u00edso natural en Panam\u00e1 con playas v\u00edrgenes, biodiversidad \u00fanica y buceo de clase mundial.\" \/>\n<meta property=\"og:url\" content=\"https:\/\/divebasecoiba.com\/es\/acerca-de-coiba\/\" \/>\n<meta property=\"og:site_name\" content=\"Dive Base Coiba\" \/>\n<meta property=\"article:publisher\" content=\"https:\/\/web.facebook.com\/divebasecoiba?_rdc=1&amp;_rdr#\" \/>\n<meta property=\"article:modified_time\" content=\"2025-02-01T22:22:15+00:00\" \/>\n<meta property=\"og:image\" content=\"https:\/\/divebasecoiba.com\/wp-content\/uploads\/2023\/06\/dbc-favicon.png\" \/>\n\t<meta property=\"og:image:width\" content=\"512\" \/>\n\t<meta property=\"og:image:height\" content=\"512\" \/>\n\t<meta property=\"og:image:type\" content=\"image\/png\" \/>\n<meta name=\"twitter:card\" content=\"summary_large_image\" \/>\n<meta name=\"twitter:label1\" content=\"Tiempo de lectura\" \/>\n\t<meta name=\"twitter:data1\" content=\"4 minutos\" \/>\n<script type=\"application\/ld+json\" class=\"yoast-schema-graph\">{\"@context\":\"https:\/\/schema.org\",\"@graph\":[{\"@type\":\"WebPage\",\"@id\":\"https:\/\/divebasecoiba.com\/es\/acerca-de-coiba\/\",\"url\":\"https:\/\/divebasecoiba.com\/es\/acerca-de-coiba\/\",\"name\":\"Coiba - Dive Base Coiba\",\"isPartOf\":{\"@id\":\"https:\/\/divebasecoiba.com\/#website\"},\"datePublished\":\"2023-05-25T04:52:49+00:00\",\"dateModified\":\"2025-02-01T22:22:15+00:00\",\"description\":\"Coiba | Descubre Isla Coiba, un para\u00edso natural en Panam\u00e1 con playas v\u00edrgenes, biodiversidad \u00fanica y buceo de clase mundial.\",\"breadcrumb\":{\"@id\":\"https:\/\/divebasecoiba.com\/es\/acerca-de-coiba\/#breadcrumb\"},\"inLanguage\":\"es\",\"potentialAction\":[{\"@type\":\"ReadAction\",\"target\":[\"https:\/\/divebasecoiba.com\/es\/acerca-de-coiba\/\"]}]},{\"@type\":\"BreadcrumbList\",\"@id\":\"https:\/\/divebasecoiba.com\/es\/acerca-de-coiba\/#breadcrumb\",\"itemListElement\":[{\"@type\":\"ListItem\",\"position\":1,\"name\":\"Home\",\"item\":\"https:\/\/divebasecoiba.com\/es\/\"},{\"@type\":\"ListItem\",\"position\":2,\"name\":\"Coiba\"}]},{\"@type\":\"WebSite\",\"@id\":\"https:\/\/divebasecoiba.com\/#website\",\"url\":\"https:\/\/divebasecoiba.com\/\",\"name\":\"Dive Base Coiba\",\"description\":\"Scuba Diving Coiba National Park\",\"publisher\":{\"@id\":\"https:\/\/divebasecoiba.com\/#organization\"},\"alternateName\":\"Escuela de Buceo en Coiba\",\"potentialAction\":[{\"@type\":\"SearchAction\",\"target\":{\"@type\":\"EntryPoint\",\"urlTemplate\":\"https:\/\/divebasecoiba.com\/?s={search_term_string}\"},\"query-input\":{\"@type\":\"PropertyValueSpecification\",\"valueRequired\":true,\"valueName\":\"search_term_string\"}}],\"inLanguage\":\"es\"},{\"@type\":\"Organization\",\"@id\":\"https:\/\/divebasecoiba.com\/#organization\",\"name\":\"Dive Base Coiba\",\"alternateName\":\"Escuela de Buceo en Coiba\",\"url\":\"https:\/\/divebasecoiba.com\/\",\"logo\":{\"@type\":\"ImageObject\",\"inLanguage\":\"es\",\"@id\":\"https:\/\/divebasecoiba.com\/#\/schema\/logo\/image\/\",\"url\":\"https:\/\/divebasecoiba.com\/wp-content\/uploads\/2023\/06\/cropped-dbc-favicon.png\",\"contentUrl\":\"https:\/\/divebasecoiba.com\/wp-content\/uploads\/2023\/06\/cropped-dbc-favicon.png\",\"width\":512,\"height\":512,\"caption\":\"Dive Base Coiba\"},\"image\":{\"@id\":\"https:\/\/divebasecoiba.com\/#\/schema\/logo\/image\/\"},\"sameAs\":[\"https:\/\/web.facebook.com\/divebasecoiba?_rdc=1&_rdr#\",\"https:\/\/www.instagram.com\/divebasecoiba\/\",\"https:\/\/www.youtube.com\/@divebasecoiba\"]}]}<\/script>\n<!-- \/ Yoast SEO plugin. -->","yoast_head_json":{"title":"Coiba - Dive Base Coiba","description":"Coiba | Descubre Isla Coiba, un para\u00edso natural en Panam\u00e1 con playas v\u00edrgenes, biodiversidad \u00fanica y buceo de clase mundial.","robots":{"index":"index","follow":"follow","max-snippet":"max-snippet:-1","max-image-preview":"max-image-preview:large","max-video-preview":"max-video-preview:-1"},"canonical":"https:\/\/divebasecoiba.com\/es\/acerca-de-coiba\/","og_locale":"es_ES","og_type":"article","og_title":"Coiba - Dive Base Coiba","og_description":"Coiba | Descubre Isla Coiba, un para\u00edso natural en Panam\u00e1 con playas v\u00edrgenes, biodiversidad \u00fanica y buceo de clase mundial.","og_url":"https:\/\/divebasecoiba.com\/es\/acerca-de-coiba\/","og_site_name":"Dive Base Coiba","article_publisher":"https:\/\/web.facebook.com\/divebasecoiba?_rdc=1&_rdr#","article_modified_time":"2025-02-01T22:22:15+00:00","og_image":[{"width":512,"height":512,"url":"https:\/\/divebasecoiba.com\/wp-content\/uploads\/2023\/06\/dbc-favicon.png","type":"image\/png"}],"twitter_card":"summary_large_image","twitter_misc":{"Tiempo de lectura":"4 minutos"},"schema":{"@context":"https:\/\/schema.org","@graph":[{"@type":"WebPage","@id":"https:\/\/divebasecoiba.com\/es\/acerca-de-coiba\/","url":"https:\/\/divebasecoiba.com\/es\/acerca-de-coiba\/","name":"Coiba - Dive Base Coiba","isPartOf":{"@id":"https:\/\/divebasecoiba.com\/#website"},"datePublished":"2023-05-25T04:52:49+00:00","dateModified":"2025-02-01T22:22:15+00:00","description":"Coiba | Descubre Isla Coiba, un para\u00edso natural en Panam\u00e1 con playas v\u00edrgenes, biodiversidad \u00fanica y buceo de clase mundial.","breadcrumb":{"@id":"https:\/\/divebasecoiba.com\/es\/acerca-de-coiba\/#breadcrumb"},"inLanguage":"es","potentialAction":[{"@type":"ReadAction","target":["https:\/\/divebasecoiba.com\/es\/acerca-de-coiba\/"]}]},{"@type":"BreadcrumbList","@id":"https:\/\/divebasecoiba.com\/es\/acerca-de-coiba\/#breadcrumb","itemListElement":[{"@type":"ListItem","position":1,"name":"Home","item":"https:\/\/divebasecoiba.com\/es\/"},{"@type":"ListItem","position":2,"name":"Coiba"}]},{"@type":"WebSite","@id":"https:\/\/divebasecoiba.com\/#website","url":"https:\/\/divebasecoiba.com\/","name":"Dive Base Coiba","description":"Scuba Diving Coiba National Park","publisher":{"@id":"https:\/\/divebasecoiba.com\/#organization"},"alternateName":"Escuela de Buceo en Coiba","potentialAction":[{"@type":"SearchAction","target":{"@type":"EntryPoint","urlTemplate":"https:\/\/divebasecoiba.com\/?s={search_term_string}"},"query-input":{"@type":"PropertyValueSpecification","valueRequired":true,"valueName":"search_term_string"}}],"inLanguage":"es"},{"@type":"Organization","@id":"https:\/\/divebasecoiba.com\/#organization","name":"Dive Base Coiba","alternateName":"Escuela de Buceo en Coiba","url":"https:\/\/divebasecoiba.com\/","logo":{"@type":"ImageObject","inLanguage":"es","@id":"https:\/\/divebasecoiba.com\/#\/schema\/logo\/image\/","url":"https:\/\/divebasecoiba.com\/wp-content\/uploads\/2023\/06\/cropped-dbc-favicon.png","contentUrl":"https:\/\/divebasecoiba.com\/wp-content\/uploads\/2023\/06\/cropped-dbc-favicon.png","width":512,"height":512,"caption":"Dive Base Coiba"},"image":{"@id":"https:\/\/divebasecoiba.com\/#\/schema\/logo\/image\/"},"sameAs":["https:\/\/web.facebook.com\/divebasecoiba?_rdc=1&_rdr#","https:\/\/www.instagram.com\/divebasecoiba\/","https:\/\/www.youtube.com\/@divebasecoiba"]}]}},"_links":{"self":[{"href":"https:\/\/divebasecoiba.com\/es\/wp-json\/wp\/v2\/pages\/1360","targetHints":{"allow":["GET"]}}],"collection":[{"href":"https:\/\/divebasecoiba.com\/es\/wp-json\/wp\/v2\/pages"}],"about":[{"href":"https:\/\/divebasecoiba.com\/es\/wp-json\/wp\/v2\/types\/page"}],"author":[{"embeddable":true,"href":"https:\/\/divebasecoiba.com\/es\/wp-json\/wp\/v2\/users\/1"}],"replies":[{"embeddable":true,"href":"https:\/\/divebasecoiba.com\/es\/wp-json\/wp\/v2\/comments?post=1360"}],"version-history":[{"count":10,"href":"https:\/\/divebasecoiba.com\/es\/wp-json\/wp\/v2\/pages\/1360\/revisions"}],"predecessor-version":[{"id":2450,"href":"https:\/\/divebasecoiba.com\/es\/wp-json\/wp\/v2\/pages\/1360\/revisions\/2450"}],"wp:attachment":[{"href":"https:\/\/divebasecoiba.com\/es\/wp-json\/wp\/v2\/media?parent=1360"}],"curies":[{"name":"wp","href":"https:\/\/api.w.org\/{rel}","templated":true}]}}